{"id":3406,"date":"2018-01-27T14:48:58","date_gmt":"2018-01-27T11:48:58","guid":{"rendered":"http:\/\/homeiseverywhere.org\/?page_id=3406"},"modified":"2023-12-11T11:09:10","modified_gmt":"2023-12-11T08:09:10","slug":"london","status":"publish","type":"page","link":"https:\/\/homeiseverywhere.org\/de\/london\/","title":{"rendered":"London"},"content":{"rendered":"<p>[et_pb_section fb_built=&#8220;1&#8243; _builder_version=&#8220;4.16&#8243; global_colors_info=&#8220;{}&#8220;][et_pb_row _builder_version=&#8220;4.16&#8243; background_size=&#8220;initial&#8220; background_position=&#8220;top_left&#8220; background_repeat=&#8220;repeat&#8220; global_colors_info=&#8220;{}&#8220;][et_pb_column type=&#8220;4_4&#8243; _builder_version=&#8220;4.16&#8243; custom_padding=&#8220;|||&#8220; global_colors_info=&#8220;{}&#8220; custom_padding__hover=&#8220;|||&#8220;][et_pb_slider show_pagination=&#8220;off&#8220; module_class=&#8220;myslider&#8220; _builder_version=&#8220;4.16&#8243; auto=&#8220;on&#8220; auto_speed=&#8220;6000&#8243; auto_ignore_hover=&#8220;on&#8220; box_shadow_style=&#8220;preset6&#8243; box_shadow_blur=&#8220;10px&#8220; box_shadow_color=&#8220;rgba(0,0,0,0.1)&#8220; show_inner_shadow=&#8220;on&#8220; global_colors_info=&#8220;{}&#8220; button_text_size__hover_enabled=&#8220;off&#8220; button_one_text_size__hover_enabled=&#8220;off&#8220; button_two_text_size__hover_enabled=&#8220;off&#8220; button_text_color__hover_enabled=&#8220;off&#8220; button_one_text_color__hover_enabled=&#8220;off&#8220; button_two_text_color__hover_enabled=&#8220;off&#8220; button_border_width__hover_enabled=&#8220;off&#8220; button_one_border_width__hover_enabled=&#8220;off&#8220; button_two_border_width__hover_enabled=&#8220;off&#8220; button_border_color__hover_enabled=&#8220;off&#8220; button_one_border_color__hover_enabled=&#8220;off&#8220; button_two_border_color__hover_enabled=&#8220;off&#8220; button_border_radius__hover_enabled=&#8220;off&#8220; button_one_border_radius__hover_enabled=&#8220;off&#8220; button_two_border_radius__hover_enabled=&#8220;off&#8220; button_letter_spacing__hover_enabled=&#8220;off&#8220; button_one_letter_spacing__hover_enabled=&#8220;off&#8220; button_two_letter_spacing__hover_enabled=&#8220;off&#8220; button_bg_color__hover_enabled=&#8220;off&#8220; button_one_bg_color__hover_enabled=&#8220;off&#8220; button_two_bg_color__hover_enabled=&#8220;off&#8220;][et_pb_slide use_bg_overlay=&#8220;off&#8220; use_text_overlay=&#8220;off&#8220; _builder_version=&#8220;4.16&#8243; background_color=&#8220;#ffffff&#8220; background_image=&#8220;https:\/\/homeiseverywhere.org\/wp-content\/uploads\/2018\/02\/London-tube-names.jpg&#8220; button_on_hover=&#8220;on&#8220; global_colors_info=&#8220;{}&#8220; sticky_transition=&#8220;on&#8220; button_text_size__hover_enabled=&#8220;off&#8220; button_one_text_size__hover_enabled=&#8220;off&#8220; button_two_text_size__hover_enabled=&#8220;off&#8220; button_text_color__hover_enabled=&#8220;off&#8220; button_one_text_color__hover_enabled=&#8220;off&#8220; button_two_text_color__hover_enabled=&#8220;off&#8220; button_border_width__hover_enabled=&#8220;off&#8220; button_one_border_width__hover_enabled=&#8220;off&#8220; button_two_border_width__hover_enabled=&#8220;off&#8220; button_border_color__hover_enabled=&#8220;off&#8220; button_one_border_color__hover_enabled=&#8220;off&#8220; button_two_border_color__hover_enabled=&#8220;off&#8220; button_border_radius__hover_enabled=&#8220;off&#8220; button_one_border_radius__hover_enabled=&#8220;off&#8220; button_two_border_radius__hover_enabled=&#8220;off&#8220; button_letter_spacing__hover_enabled=&#8220;off&#8220; button_one_letter_spacing__hover_enabled=&#8220;off&#8220; button_two_letter_spacing__hover_enabled=&#8220;off&#8220; button_bg_color__hover_enabled=&#8220;off&#8220; button_one_bg_color__hover_enabled=&#8220;off&#8220; button_two_bg_color__hover_enabled=&#8220;off&#8220;][\/et_pb_slide][et_pb_slide use_bg_overlay=&#8220;off&#8220; use_text_overlay=&#8220;off&#8220; _builder_version=&#8220;4.16&#8243; background_color=&#8220;#ffffff&#8220; background_image=&#8220;https:\/\/homeiseverywhere.org\/wp-content\/uploads\/2018\/02\/2-London.jpg&#8220; button_on_hover=&#8220;on&#8220; global_colors_info=&#8220;{}&#8220; sticky_transition=&#8220;on&#8220; button_text_size__hover_enabled=&#8220;off&#8220; button_one_text_size__hover_enabled=&#8220;off&#8220; button_two_text_size__hover_enabled=&#8220;off&#8220; button_text_color__hover_enabled=&#8220;off&#8220; button_one_text_color__hover_enabled=&#8220;off&#8220; button_two_text_color__hover_enabled=&#8220;off&#8220; button_border_width__hover_enabled=&#8220;off&#8220; button_one_border_width__hover_enabled=&#8220;off&#8220; button_two_border_width__hover_enabled=&#8220;off&#8220; button_border_color__hover_enabled=&#8220;off&#8220; button_one_border_color__hover_enabled=&#8220;off&#8220; button_two_border_color__hover_enabled=&#8220;off&#8220; button_border_radius__hover_enabled=&#8220;off&#8220; button_one_border_radius__hover_enabled=&#8220;off&#8220; button_two_border_radius__hover_enabled=&#8220;off&#8220; button_letter_spacing__hover_enabled=&#8220;off&#8220; button_one_letter_spacing__hover_enabled=&#8220;off&#8220; button_two_letter_spacing__hover_enabled=&#8220;off&#8220; button_bg_color__hover_enabled=&#8220;off&#8220; button_one_bg_color__hover_enabled=&#8220;off&#8220; button_two_bg_color__hover_enabled=&#8220;off&#8220;][\/et_pb_slide][et_pb_slide use_bg_overlay=&#8220;off&#8220; use_text_overlay=&#8220;off&#8220; _builder_version=&#8220;4.16&#8243; background_color=&#8220;#ffffff&#8220; background_image=&#8220;https:\/\/homeiseverywhere.org\/wp-content\/uploads\/2018\/02\/London-100677.jpg&#8220; button_on_hover=&#8220;on&#8220; global_colors_info=&#8220;{}&#8220; sticky_transition=&#8220;on&#8220; button_text_size__hover_enabled=&#8220;off&#8220; button_one_text_size__hover_enabled=&#8220;off&#8220; button_two_text_size__hover_enabled=&#8220;off&#8220; button_text_color__hover_enabled=&#8220;off&#8220; button_one_text_color__hover_enabled=&#8220;off&#8220; button_two_text_color__hover_enabled=&#8220;off&#8220; button_border_width__hover_enabled=&#8220;off&#8220; button_one_border_width__hover_enabled=&#8220;off&#8220; button_two_border_width__hover_enabled=&#8220;off&#8220; button_border_color__hover_enabled=&#8220;off&#8220; button_one_border_color__hover_enabled=&#8220;off&#8220; button_two_border_color__hover_enabled=&#8220;off&#8220; button_border_radius__hover_enabled=&#8220;off&#8220; button_one_border_radius__hover_enabled=&#8220;off&#8220; button_two_border_radius__hover_enabled=&#8220;off&#8220; button_letter_spacing__hover_enabled=&#8220;off&#8220; button_one_letter_spacing__hover_enabled=&#8220;off&#8220; button_two_letter_spacing__hover_enabled=&#8220;off&#8220; button_bg_color__hover_enabled=&#8220;off&#8220; button_one_bg_color__hover_enabled=&#8220;off&#8220; button_two_bg_color__hover_enabled=&#8220;off&#8220;][\/et_pb_slide][et_pb_slide use_bg_overlay=&#8220;off&#8220; use_text_overlay=&#8220;off&#8220; _builder_version=&#8220;4.16&#8243; background_color=&#8220;#ffffff&#8220; background_image=&#8220;https:\/\/homeiseverywhere.org\/wp-content\/uploads\/2018\/02\/rote-telefonzellen-neben-dem-hyde-park.jpg&#8220; button_on_hover=&#8220;on&#8220; global_colors_info=&#8220;{}&#8220; sticky_transition=&#8220;on&#8220; button_text_size__hover_enabled=&#8220;off&#8220; button_one_text_size__hover_enabled=&#8220;off&#8220; button_two_text_size__hover_enabled=&#8220;off&#8220; button_text_color__hover_enabled=&#8220;off&#8220; button_one_text_color__hover_enabled=&#8220;off&#8220; button_two_text_color__hover_enabled=&#8220;off&#8220; button_border_width__hover_enabled=&#8220;off&#8220; button_one_border_width__hover_enabled=&#8220;off&#8220; button_two_border_width__hover_enabled=&#8220;off&#8220; button_border_color__hover_enabled=&#8220;off&#8220; button_one_border_color__hover_enabled=&#8220;off&#8220; button_two_border_color__hover_enabled=&#8220;off&#8220; button_border_radius__hover_enabled=&#8220;off&#8220; button_one_border_radius__hover_enabled=&#8220;off&#8220; button_two_border_radius__hover_enabled=&#8220;off&#8220; button_letter_spacing__hover_enabled=&#8220;off&#8220; button_one_letter_spacing__hover_enabled=&#8220;off&#8220; button_two_letter_spacing__hover_enabled=&#8220;off&#8220; button_bg_color__hover_enabled=&#8220;off&#8220; button_one_bg_color__hover_enabled=&#8220;off&#8220; button_two_bg_color__hover_enabled=&#8220;off&#8220;][\/et_pb_slide][\/et_pb_slider][et_pb_text _builder_version=&#8220;4.16&#8243; global_colors_info=&#8220;{}&#8220;]<\/p>\n<h3 style=\"text-align: center;\">Ich erz\u00e4hle dir von London.<\/h3>\n<h3 style=\"text-align: center;\">Ich wei\u00df &#8230; London kennt jeder! Kaum jemand, der London nicht besucht h\u00e4tte:<br \/>\ndie tube, die roten Telefonzellen, multi-kulti auf den Stra\u00dfen &#8230; alles ein Begriff!<\/h3>\n<h3 style=\"text-align: center;\">Aber vielleicht findest du mit mir zusammen noch mehr?<\/h3>\n<h3 style=\"text-align: center;\">Let\u00b4s go! Lass dich mitnehmen von mir nach London!<\/h3>\n<p>[\/et_pb_text][\/et_pb_column][\/et_pb_row][et_pb_row _builder_version=&#8220;4.16&#8243; background_size=&#8220;initial&#8220; background_position=&#8220;top_left&#8220; background_repeat=&#8220;repeat&#8220; global_colors_info=&#8220;{}&#8220;][et_pb_column type=&#8220;4_4&#8243; _builder_version=&#8220;4.16&#8243; custom_padding=&#8220;|||&#8220; global_colors_info=&#8220;{}&#8220; custom_padding__hover=&#8220;|||&#8220;][et_pb_blog fullwidth=&#8220;off&#8220; posts_number=&#8220;9&#8243; include_categories=&#8220;207&#8243; show_author=&#8220;off&#8220; show_categories=&#8220;off&#8220; show_comments=&#8220;on&#8220; _builder_version=&#8220;4.16&#8243; pagination_font_size_tablet=&#8220;51&#8243; pagination_line_height_tablet=&#8220;2&#8243; global_colors_info=&#8220;{}&#8220;][\/et_pb_blog][\/et_pb_column][\/et_pb_row][\/et_pb_section]<\/p>\n","protected":false},"excerpt":{"rendered":"<p>Ich erz\u00e4hle dir von London. Ich wei\u00df &#8230; London kennt jeder! Kaum jemand, der London nicht besucht h\u00e4tte: die tube, die roten Telefonzellen, multi-kulti auf den Stra\u00dfen &#8230; alles ein Begriff! Aber vielleicht findest du mit mir zusammen noch mehr? Let\u00b4s go! Lass dich mitnehmen von mir nach London!<\/p>\n","protected":false},"author":1,"featured_media":0,"parent":0,"menu_order":0,"comment_status":"closed","ping_status":"closed","template":"","meta":{"_et_pb_use_builder":"on","_et_pb_old_content":"<p>[et_pb_section bb_built=\"1\" fullwidth=\"off\" specialty=\"off\"][et_pb_row][et_pb_column type=\"4_4\"][et_pb_slider _builder_version=\"3.0.95\" show_arrows=\"on\" show_pagination=\"off\" show_inner_shadow=\"on\" custom_button=\"off\" button_icon_placement=\"right\" show_content_on_mobile=\"on\" show_cta_on_mobile=\"on\" show_image_video_mobile=\"off\" auto=\"on\" auto_speed=\"6000\" auto_ignore_hover=\"on\" module_class=\"myslider\"][et_pb_slide _builder_version=\"3.0.95\" use_background_color_gradient=\"off\" background_color_gradient_start=\"#2b87da\" background_color_gradient_end=\"#29c4a9\" background_color_gradient_type=\"linear\" background_color_gradient_direction=\"180deg\" background_color_gradient_direction_radial=\"center\" background_color_gradient_start_position=\"0%\" background_color_gradient_end_position=\"100%\" background_color_gradient_overlays_image=\"off\" background_image=\"https:\/\/homeiseverywhere.org\/wp-content\/uploads\/2018\/02\/London-tube-names.jpg\" parallax=\"off\" parallax_method=\"on\" background_size=\"cover\" background_position=\"center\" background_repeat=\"no-repeat\" background_blend=\"normal\" allow_player_pause=\"off\" use_bg_overlay=\"off\" use_text_overlay=\"off\" text_border_radius=\"3\" alignment=\"center\" child_filter_hue_rotate=\"0deg\" child_filter_saturate=\"100%\" child_filter_brightness=\"100%\" child_filter_contrast=\"100%\" child_filter_invert=\"0%\" child_filter_sepia=\"0%\" child_filter_opacity=\"100%\" child_filter_blur=\"0px\" child_mix_blend_mode=\"normal\" background_layout=\"dark\" custom_button=\"off\" button_bg_use_color_gradient=\"off\" button_bg_color_gradient_overlays_image=\"off\" button_use_icon=\"on\" button_on_hover=\"on\" \/][et_pb_slide _builder_version=\"3.0.95\" use_background_color_gradient=\"off\" background_color_gradient_start=\"#2b87da\" background_color_gradient_end=\"#29c4a9\" background_color_gradient_type=\"linear\" background_color_gradient_direction=\"180deg\" background_color_gradient_direction_radial=\"center\" background_color_gradient_start_position=\"0%\" background_color_gradient_end_position=\"100%\" background_color_gradient_overlays_image=\"off\" background_image=\"https:\/\/homeiseverywhere.org\/wp-content\/uploads\/2018\/02\/2-London.jpg\" parallax=\"off\" parallax_method=\"on\" background_size=\"cover\" background_position=\"center\" background_repeat=\"no-repeat\" background_blend=\"normal\" allow_player_pause=\"off\" use_bg_overlay=\"off\" use_text_overlay=\"off\" text_border_radius=\"3\" alignment=\"center\" child_filter_hue_rotate=\"0deg\" child_filter_saturate=\"100%\" child_filter_brightness=\"100%\" child_filter_contrast=\"100%\" child_filter_invert=\"0%\" child_filter_sepia=\"0%\" child_filter_opacity=\"100%\" child_filter_blur=\"0px\" child_mix_blend_mode=\"normal\" background_layout=\"dark\" custom_button=\"off\" button_bg_use_color_gradient=\"off\" button_bg_color_gradient_overlays_image=\"off\" button_use_icon=\"on\" button_on_hover=\"on\" \/][et_pb_slide _builder_version=\"3.0.95\" use_background_color_gradient=\"off\" background_color_gradient_start=\"#2b87da\" background_color_gradient_end=\"#29c4a9\" background_color_gradient_type=\"linear\" background_color_gradient_direction=\"180deg\" background_color_gradient_direction_radial=\"center\" background_color_gradient_start_position=\"0%\" background_color_gradient_end_position=\"100%\" background_color_gradient_overlays_image=\"off\" background_image=\"https:\/\/homeiseverywhere.org\/wp-content\/uploads\/2018\/02\/London-100677.jpg\" parallax=\"off\" parallax_method=\"on\" background_size=\"cover\" background_position=\"center\" background_repeat=\"no-repeat\" background_blend=\"normal\" allow_player_pause=\"off\" use_bg_overlay=\"off\" use_text_overlay=\"off\" text_border_radius=\"3\" alignment=\"center\" child_filter_hue_rotate=\"0deg\" child_filter_saturate=\"100%\" child_filter_brightness=\"100%\" child_filter_contrast=\"100%\" child_filter_invert=\"0%\" child_filter_sepia=\"0%\" child_filter_opacity=\"100%\" child_filter_blur=\"0px\" child_mix_blend_mode=\"normal\" background_layout=\"dark\" custom_button=\"off\" button_bg_use_color_gradient=\"off\" button_bg_color_gradient_overlays_image=\"off\" button_use_icon=\"on\" button_on_hover=\"on\" \/][et_pb_slide _builder_version=\"3.0.95\" use_background_color_gradient=\"off\" background_color_gradient_start=\"#2b87da\" background_color_gradient_end=\"#29c4a9\" background_color_gradient_type=\"linear\" background_color_gradient_direction=\"180deg\" background_color_gradient_direction_radial=\"center\" background_color_gradient_start_position=\"0%\" background_color_gradient_end_position=\"100%\" background_color_gradient_overlays_image=\"off\" background_image=\"https:\/\/homeiseverywhere.org\/wp-content\/uploads\/2018\/02\/rote-telefonzellen-neben-dem-hyde-park.jpg\" parallax=\"off\" parallax_method=\"on\" background_size=\"cover\" background_position=\"center\" background_repeat=\"no-repeat\" background_blend=\"normal\" allow_player_pause=\"off\" use_bg_overlay=\"off\" use_text_overlay=\"off\" text_border_radius=\"3\" alignment=\"center\" child_filter_hue_rotate=\"0deg\" child_filter_saturate=\"100%\" child_filter_brightness=\"100%\" child_filter_contrast=\"100%\" child_filter_invert=\"0%\" child_filter_sepia=\"0%\" child_filter_opacity=\"100%\" child_filter_blur=\"0px\" child_mix_blend_mode=\"normal\" background_layout=\"dark\" custom_button=\"off\" button_bg_use_color_gradient=\"off\" button_bg_color_gradient_overlays_image=\"off\" button_use_icon=\"on\" button_on_hover=\"on\" \/][\/et_pb_slider][et_pb_text _builder_version=\"3.0.95\" background_layout=\"light\"]<\/p><h3 style=\"text-align: center;\">Ich erz\u00e4hle dir von London.<\/h3><h3 style=\"text-align: center;\">Ich wei\u00df ... London kennt jeder! Kaum jemand, der London nicht besucht h\u00e4tte:<br \/>die tube, die roten Telefonzellen, multi-kulti auf den Stra\u00dfen ... alles ein Begriff!<\/h3><h3 style=\"text-align: center;\">Aber vielleicht findest du mit mir zusammen noch mehr?<\/h3><h3 style=\"text-align: center;\">Let\u00b4s go! Lass dich mitnehmen von mir nach London!<\/h3><p>[\/et_pb_text][\/et_pb_column][\/et_pb_row][et_pb_row][et_pb_column type=\"4_4\"][et_pb_blog _builder_version=\"3.0.95\" include_categories=\"207\" show_content=\"off\" show_thumbnail=\"on\" show_more=\"off\" show_author=\"off\" show_date=\"on\" show_categories=\"off\" show_comments=\"on\" show_pagination=\"on\" fullwidth=\"off\" use_overlay=\"off\" background_layout=\"light\" pagination_font_size_tablet=\"51\" pagination_line_height_tablet=\"2\" posts_number=\"9\" \/][\/et_pb_column][\/et_pb_row][\/et_pb_section]<\/p>","_et_gb_content_width":"","footnotes":""},"class_list":["post-3406","page","type-page","status-publish","hentry"],"yoast_head":"<!-- This site is optimized with the Yoast SEO plugin v26.8 - https:\/\/yoast.com\/product\/yoast-seo-wordpress\/ -->\n<title>London - Home Is Everywhere<\/title>\n<meta name=\"robots\" content=\"index, follow, max-snippet:-1, max-image-preview:large, max-video-preview:-1\" \/>\n<link rel=\"canonical\" href=\"https:\/\/homeiseverywhere.org\/de\/london\/\" \/>\n<meta property=\"og:locale\" content=\"de_DE\" \/>\n<meta property=\"og:type\" content=\"article\" \/>\n<meta property=\"og:title\" content=\"London - Home Is Everywhere\" \/>\n<meta property=\"og:description\" content=\"Ich erz\u00e4hle dir von London. Ich wei\u00df ... London kennt jeder! Kaum jemand, der London nicht besucht h\u00e4tte: die tube, die roten Telefonzellen, multi-kulti auf den Stra\u00dfen ... alles ein Begriff! Aber vielleicht findest du mit mir zusammen noch mehr? Let\u00b4s go! Lass dich mitnehmen von mir nach London!\" \/>\n<meta property=\"og:url\" content=\"https:\/\/homeiseverywhere.org\/de\/london\/\" \/>\n<meta property=\"og:site_name\" content=\"Home Is Everywhere\" \/>\n<meta property=\"article:publisher\" content=\"https:\/\/www.facebook.com\/Home-Is-Everywhere-164906007455863\/\" \/>\n<meta property=\"article:modified_time\" content=\"2023-12-11T08:09:10+00:00\" \/>\n<meta name=\"twitter:card\" content=\"summary_large_image\" \/>\n<meta name=\"twitter:label1\" content=\"Gesch\u00e4tzte Lesezeit\" \/>\n\t<meta name=\"twitter:data1\" content=\"2\u00a0Minuten\" \/>\n<script type=\"application\/ld+json\" class=\"yoast-schema-graph\">{\"@context\":\"https:\/\/schema.org\",\"@graph\":[{\"@type\":\"WebPage\",\"@id\":\"https:\/\/homeiseverywhere.org\/de\/london\/\",\"url\":\"https:\/\/homeiseverywhere.org\/de\/london\/\",\"name\":\"London - Home Is Everywhere\",\"isPartOf\":{\"@id\":\"https:\/\/homeiseverywhere.org\/#website\"},\"datePublished\":\"2018-01-27T11:48:58+00:00\",\"dateModified\":\"2023-12-11T08:09:10+00:00\",\"breadcrumb\":{\"@id\":\"https:\/\/homeiseverywhere.org\/de\/london\/#breadcrumb\"},\"inLanguage\":\"de\",\"potentialAction\":[{\"@type\":\"ReadAction\",\"target\":[\"https:\/\/homeiseverywhere.org\/de\/london\/\"]}]},{\"@type\":\"BreadcrumbList\",\"@id\":\"https:\/\/homeiseverywhere.org\/de\/london\/#breadcrumb\",\"itemListElement\":[{\"@type\":\"ListItem\",\"position\":1,\"name\":\"Home\",\"item\":\"https:\/\/homeiseverywhere.org\/de\/\"},{\"@type\":\"ListItem\",\"position\":2,\"name\":\"London\"}]},{\"@type\":\"WebSite\",\"@id\":\"https:\/\/homeiseverywhere.org\/#website\",\"url\":\"https:\/\/homeiseverywhere.org\/\",\"name\":\"Home Is Everywhere\",\"description\":\"und pl\u00f6tzlich ist dein Zuhause ... \u00fcberall\",\"potentialAction\":[{\"@type\":\"SearchAction\",\"target\":{\"@type\":\"EntryPoint\",\"urlTemplate\":\"https:\/\/homeiseverywhere.org\/?s={search_term_string}\"},\"query-input\":{\"@type\":\"PropertyValueSpecification\",\"valueRequired\":true,\"valueName\":\"search_term_string\"}}],\"inLanguage\":\"de\"}]}<\/script>\n<!-- \/ Yoast SEO plugin. -->","yoast_head_json":{"title":"London - Home Is Everywhere","robots":{"index":"index","follow":"follow","max-snippet":"max-snippet:-1","max-image-preview":"max-image-preview:large","max-video-preview":"max-video-preview:-1"},"canonical":"https:\/\/homeiseverywhere.org\/de\/london\/","og_locale":"de_DE","og_type":"article","og_title":"London - Home Is Everywhere","og_description":"Ich erz\u00e4hle dir von London. Ich wei\u00df ... London kennt jeder! Kaum jemand, der London nicht besucht h\u00e4tte: die tube, die roten Telefonzellen, multi-kulti auf den Stra\u00dfen ... alles ein Begriff! Aber vielleicht findest du mit mir zusammen noch mehr? Let\u00b4s go! Lass dich mitnehmen von mir nach London!","og_url":"https:\/\/homeiseverywhere.org\/de\/london\/","og_site_name":"Home Is Everywhere","article_publisher":"https:\/\/www.facebook.com\/Home-Is-Everywhere-164906007455863\/","article_modified_time":"2023-12-11T08:09:10+00:00","twitter_card":"summary_large_image","twitter_misc":{"Gesch\u00e4tzte Lesezeit":"2\u00a0Minuten"},"schema":{"@context":"https:\/\/schema.org","@graph":[{"@type":"WebPage","@id":"https:\/\/homeiseverywhere.org\/de\/london\/","url":"https:\/\/homeiseverywhere.org\/de\/london\/","name":"London - Home Is Everywhere","isPartOf":{"@id":"https:\/\/homeiseverywhere.org\/#website"},"datePublished":"2018-01-27T11:48:58+00:00","dateModified":"2023-12-11T08:09:10+00:00","breadcrumb":{"@id":"https:\/\/homeiseverywhere.org\/de\/london\/#breadcrumb"},"inLanguage":"de","potentialAction":[{"@type":"ReadAction","target":["https:\/\/homeiseverywhere.org\/de\/london\/"]}]},{"@type":"BreadcrumbList","@id":"https:\/\/homeiseverywhere.org\/de\/london\/#breadcrumb","itemListElement":[{"@type":"ListItem","position":1,"name":"Home","item":"https:\/\/homeiseverywhere.org\/de\/"},{"@type":"ListItem","position":2,"name":"London"}]},{"@type":"WebSite","@id":"https:\/\/homeiseverywhere.org\/#website","url":"https:\/\/homeiseverywhere.org\/","name":"Home Is Everywhere","description":"und pl\u00f6tzlich ist dein Zuhause ... \u00fcberall","potentialAction":[{"@type":"SearchAction","target":{"@type":"EntryPoint","urlTemplate":"https:\/\/homeiseverywhere.org\/?s={search_term_string}"},"query-input":{"@type":"PropertyValueSpecification","valueRequired":true,"valueName":"search_term_string"}}],"inLanguage":"de"}]}},"_links":{"self":[{"href":"https:\/\/homeiseverywhere.org\/de\/wp-json\/wp\/v2\/pages\/3406","targetHints":{"allow":["GET"]}}],"collection":[{"href":"https:\/\/homeiseverywhere.org\/de\/wp-json\/wp\/v2\/pages"}],"about":[{"href":"https:\/\/homeiseverywhere.org\/de\/wp-json\/wp\/v2\/types\/page"}],"author":[{"embeddable":true,"href":"https:\/\/homeiseverywhere.org\/de\/wp-json\/wp\/v2\/users\/1"}],"replies":[{"embeddable":true,"href":"https:\/\/homeiseverywhere.org\/de\/wp-json\/wp\/v2\/comments?post=3406"}],"version-history":[{"count":2,"href":"https:\/\/homeiseverywhere.org\/de\/wp-json\/wp\/v2\/pages\/3406\/revisions"}],"predecessor-version":[{"id":7177,"href":"https:\/\/homeiseverywhere.org\/de\/wp-json\/wp\/v2\/pages\/3406\/revisions\/7177"}],"wp:attachment":[{"href":"https:\/\/homeiseverywhere.org\/de\/wp-json\/wp\/v2\/media?parent=3406"}],"curies":[{"name":"wp","href":"https:\/\/api.w.org\/{rel}","templated":true}]}}