{"id":3311,"date":"2018-01-16T20:23:11","date_gmt":"2018-01-16T17:23:11","guid":{"rendered":"http:\/\/homeiseverywhere.org\/?page_id=3311"},"modified":"2023-12-11T11:18:24","modified_gmt":"2023-12-11T08:18:24","slug":"about","status":"publish","type":"page","link":"https:\/\/homeiseverywhere.org\/de\/about\/","title":{"rendered":"About"},"content":{"rendered":"<p>[et_pb_section fb_built=&#8220;1&#8243; theme_builder_area=&#8220;post_content&#8220; _builder_version=&#8220;4.23.1&#8243; _module_preset=&#8220;default&#8220;][et_pb_row _builder_version=&#8220;4.23.1&#8243; _module_preset=&#8220;default&#8220; theme_builder_area=&#8220;post_content&#8220;][et_pb_column _builder_version=&#8220;4.23.1&#8243; _module_preset=&#8220;default&#8220; type=&#8220;4_4&#8243; theme_builder_area=&#8220;post_content&#8220;][et_pb_image src=&#8220;https:\/\/homeiseverywhere.org\/wp-content\/uploads\/2018\/09\/christina_antoniadou.jpg&#8220; align=&#8220;center&#8220; align_tablet=&#8220;center&#8220; align_last_edited=&#8220;on|desktop&#8220; _builder_version=&#8220;4.16&#8243; always_center_on_mobile=&#8220;on&#8220; global_colors_info=&#8220;{}&#8220; theme_builder_area=&#8220;post_content&#8220; align_phone=&#8220;center&#8220;][\/et_pb_image][et_pb_text _builder_version=&#8220;4.16&#8243; global_colors_info=&#8220;{}&#8220; theme_builder_area=&#8220;post_content&#8220;]Mein Name ist Christina Antoniadou.<\/p>\n<p>Ich bin Griechin, in Deutschland geboren und aufgewachsen,<\/p>\n<p>habe in Deutschland, Griechenland, Gro\u00dfbritannien und in S\u00fcdafrika gelebt und wohne seit 2016 in D\u00e4nemark.<\/p>\n<p>Ich habe Germanistik studiert, 28 Jahre am Goethe-Institut (Thessaloniki, London) gearbeitet und als Autorin an mehreren B\u00fcchern im Bereich Deutsch als Fremdsprache mitgewirkt.<\/p>\n<p>Seit November 2017 schreibe ich den Blog www.homeiseverywhere.org<\/p>\n<p>Mein Leben in den verschiedensten L\u00e4ndern hat mir neue und interessante Erfahrungen im &#8222;ganz normalen&#8220; Alltag gebracht, die ich gerne mit euch teilen m\u00f6chte.<\/p>\n<p>Au\u00dferdem beschreibe ich im Teil &#8222;Be A Traveller, Not A Tourist&#8220; meine Erlebnisse auf den Reisen.<\/p>\n<p>&#8230; und das alles &#8230; mit einer geh\u00f6rigen Prise Humor &#8230; Enjoy!<br \/>\n[\/et_pb_text][\/et_pb_column][\/et_pb_row][\/et_pb_section]<\/p>\n","protected":false},"excerpt":{"rendered":"<p>Mein Name ist Christina Antoniadou. Ich bin Griechin, in Deutschland geboren und aufgewachsen, habe in Deutschland, Griechenland, Gro\u00dfbritannien und in S\u00fcdafrika gelebt und wohne seit 2016 in D\u00e4nemark. Ich habe Germanistik studiert, 28 Jahre am Goethe-Institut (Thessaloniki, London) gearbeitet und als Autorin an mehreren B\u00fcchern im Bereich Deutsch als Fremdsprache mitgewirkt. Seit November 2017 schreibe [&hellip;]<\/p>\n","protected":false},"author":1,"featured_media":0,"parent":0,"menu_order":0,"comment_status":"closed","ping_status":"closed","template":"","meta":{"_et_pb_use_builder":"on","_et_pb_old_content":"<p>[et_pb_section bb_built=\"1\" fullwidth=\"off\" specialty=\"on\"][et_pb_column type=\"2_3\" specialty_columns=\"2\"][et_pb_row_inner admin_label=\"Row\"][et_pb_column_inner type=\"4_4\" saved_specialty_column_type=\"2_3\"][et_pb_image _builder_version=\"3.0.95\" src=\"https:\/\/homeiseverywhere.org\/wp-content\/uploads\/2018\/09\/christina_antoniadou.jpg\" show_in_lightbox=\"off\" url_new_window=\"off\" use_overlay=\"off\" always_center_on_mobile=\"on\" force_fullwidth=\"off\" show_bottom_space=\"on\" align=\"center\" \/][et_pb_text _builder_version=\"3.17.6\"]<\/p><p>Mein Name ist Christina Antoniadou.<\/p><p>Ich bin Griechin, in Deutschland geboren und aufgewachsen,<\/p><p>habe in Deutschland, Griechenland, Gro\u00dfbritannien und in S\u00fcdafrika gelebt und wohne seit 2016 in D\u00e4nemark.<\/p><p>Ich habe Germanistik studiert, 28 Jahre am Goethe-Institut (Thessaloniki, London) gearbeitet und als Autorin an mehreren B\u00fcchern im Bereich Deutsch als Fremdsprache mitgewirkt.<\/p><p>Seit November 2017 schreibe ich den Blog www.homeiseverywhere.org<\/p><p>Mein Leben in den verschiedensten L\u00e4ndern hat mir neue und interessante Erfahrungen im \"ganz normalen\" Alltag gebracht, die ich gerne mit euch teilen m\u00f6chte.<\/p><p>Au\u00dferdem beschreibe ich im Teil \"Be A Traveller, Not A Tourist\" meine Erlebnisse auf den Reisen.<\/p><p>... und das alles ... mit einer geh\u00f6rigen Prise Humor ... Enjoy!<\/p><p>[\/et_pb_text][\/et_pb_column_inner][\/et_pb_row_inner][et_pb_row_inner admin_label=\"Row\"][et_pb_column_inner type=\"1_2\" saved_specialty_column_type=\"2_3\"][et_pb_text _builder_version=\"3.17.6\" background_layout=\"light\"]<\/p><h4 style=\"text-align: center;\">S\u00dcDAFRIKA<\/h4><p>[\/et_pb_text][et_pb_image _builder_version=\"3.0.95\" src=\"https:\/\/homeiseverywhere.org\/wp-content\/uploads\/2018\/01\/nashorn-suedafrika-nahaufnahme_rs_picture_small.jpg\" show_in_lightbox=\"off\" url=\"https:\/\/homeiseverywhere.org\/suedafrika\/\" url_new_window=\"off\" use_overlay=\"on\" always_center_on_mobile=\"on\" force_fullwidth=\"off\" show_bottom_space=\"on\" hover_icon=\"%%32%%\" custom_margin=\"-20px|||\" \/][\/et_pb_column_inner][et_pb_column_inner type=\"1_2\" saved_specialty_column_type=\"2_3\"][et_pb_text _builder_version=\"3.17.6\" background_layout=\"light\"]<\/p><h4 style=\"text-align: center;\">LONDON<\/h4><p>[\/et_pb_text][et_pb_image _builder_version=\"3.0.95\" src=\"https:\/\/homeiseverywhere.org\/wp-content\/uploads\/2018\/01\/London-tube-names_crop.jpg\" show_in_lightbox=\"off\" url=\"https:\/\/homeiseverywhere.org\/london\/\" url_new_window=\"off\" use_overlay=\"on\" always_center_on_mobile=\"on\" force_fullwidth=\"off\" show_bottom_space=\"on\" hover_icon=\"%%32%%\" custom_margin=\"-20px|||\" \/][\/et_pb_column_inner][\/et_pb_row_inner][et_pb_row_inner admin_label=\"Row\"][et_pb_column_inner type=\"4_4\" saved_specialty_column_type=\"2_3\"][et_pb_text _builder_version=\"3.17.6\" background_layout=\"light\"]<\/p><h4 style=\"text-align: center;\">Be a traveller, not a tourist.<\/h4><p>[\/et_pb_text][et_pb_image _builder_version=\"3.17.6\" src=\"https:\/\/homeiseverywhere.org\/wp-content\/uploads\/2018\/01\/victoria_falls.jpg\" show_in_lightbox=\"off\" url=\"https:\/\/homeiseverywhere.org\/suedafrika\/\" url_new_window=\"off\" use_overlay=\"on\" always_center_on_mobile=\"on\" force_fullwidth=\"off\" show_bottom_space=\"on\" hover_icon=\"%%32%%\" custom_margin=\"-20px|||\" \/][\/et_pb_column_inner][\/et_pb_row_inner][et_pb_row_inner admin_label=\"Row\"][et_pb_column_inner type=\"4_4\" saved_specialty_column_type=\"2_3\"][et_pb_contact_form _builder_version=\"3.17.6\" title=\"Schicken Sie mir eine Nachricht\" email=\"info@homeiseverywhere.org\" captcha=\"on\" use_redirect=\"off\" custom_button=\"off\" button_icon_placement=\"right\"][et_pb_contact_field field_title=\"Name\" field_type=\"input\" field_id=\"Name\" required_mark=\"on\" fullwidth_field=\"off\" \/][et_pb_contact_field field_title=\"Email Address\" field_type=\"email\" field_id=\"Email\" required_mark=\"on\" fullwidth_field=\"off\" \/][et_pb_contact_field field_title=\"Message\" field_type=\"text\" field_id=\"Message\" required_mark=\"on\" fullwidth_field=\"on\" \/][\/et_pb_contact_form][\/et_pb_column_inner][\/et_pb_row_inner][\/et_pb_column][et_pb_column type=\"1_3\"][et_pb_sidebar _builder_version=\"3.17.6\" area=\"sidebar-1\" orientation=\"right\" \/][\/et_pb_column][\/et_pb_section]<\/p>","_et_gb_content_width":"","footnotes":""},"class_list":["post-3311","page","type-page","status-publish","hentry"],"yoast_head":"<!-- This site is optimized with the Yoast SEO plugin v26.8 - https:\/\/yoast.com\/product\/yoast-seo-wordpress\/ -->\n<title>About - Home Is Everywhere<\/title>\n<meta name=\"robots\" content=\"index, follow, max-snippet:-1, max-image-preview:large, max-video-preview:-1\" \/>\n<link rel=\"canonical\" href=\"https:\/\/homeiseverywhere.org\/de\/about\/\" \/>\n<meta property=\"og:locale\" content=\"de_DE\" \/>\n<meta property=\"og:type\" content=\"article\" \/>\n<meta property=\"og:title\" content=\"About - Home Is Everywhere\" \/>\n<meta property=\"og:description\" content=\"Mein Name ist Christina Antoniadou. Ich bin Griechin, in Deutschland geboren und aufgewachsen, habe in Deutschland, Griechenland, Gro\u00dfbritannien und in S\u00fcdafrika gelebt und wohne seit 2016 in D\u00e4nemark. Ich habe Germanistik studiert, 28 Jahre am Goethe-Institut (Thessaloniki, London) gearbeitet und als Autorin an mehreren B\u00fcchern im Bereich Deutsch als Fremdsprache mitgewirkt. Seit November 2017 schreibe [&hellip;]\" \/>\n<meta property=\"og:url\" content=\"https:\/\/homeiseverywhere.org\/de\/about\/\" \/>\n<meta property=\"og:site_name\" content=\"Home Is Everywhere\" \/>\n<meta property=\"article:publisher\" content=\"https:\/\/www.facebook.com\/Home-Is-Everywhere-164906007455863\/\" \/>\n<meta property=\"article:modified_time\" content=\"2023-12-11T08:18:24+00:00\" \/>\n<meta name=\"twitter:card\" content=\"summary_large_image\" \/>\n<meta name=\"twitter:label1\" content=\"Gesch\u00e4tzte Lesezeit\" \/>\n\t<meta name=\"twitter:data1\" content=\"1\u00a0Minute\" \/>\n<script type=\"application\/ld+json\" class=\"yoast-schema-graph\">{\"@context\":\"https:\/\/schema.org\",\"@graph\":[{\"@type\":\"WebPage\",\"@id\":\"https:\/\/homeiseverywhere.org\/de\/about\/\",\"url\":\"https:\/\/homeiseverywhere.org\/de\/about\/\",\"name\":\"About - Home Is Everywhere\",\"isPartOf\":{\"@id\":\"https:\/\/homeiseverywhere.org\/#website\"},\"datePublished\":\"2018-01-16T17:23:11+00:00\",\"dateModified\":\"2023-12-11T08:18:24+00:00\",\"breadcrumb\":{\"@id\":\"https:\/\/homeiseverywhere.org\/de\/about\/#breadcrumb\"},\"inLanguage\":\"de\",\"potentialAction\":[{\"@type\":\"ReadAction\",\"target\":[\"https:\/\/homeiseverywhere.org\/de\/about\/\"]}]},{\"@type\":\"BreadcrumbList\",\"@id\":\"https:\/\/homeiseverywhere.org\/de\/about\/#breadcrumb\",\"itemListElement\":[{\"@type\":\"ListItem\",\"position\":1,\"name\":\"Home\",\"item\":\"https:\/\/homeiseverywhere.org\/de\/\"},{\"@type\":\"ListItem\",\"position\":2,\"name\":\"About\"}]},{\"@type\":\"WebSite\",\"@id\":\"https:\/\/homeiseverywhere.org\/#website\",\"url\":\"https:\/\/homeiseverywhere.org\/\",\"name\":\"Home Is Everywhere\",\"description\":\"und pl\u00f6tzlich ist dein Zuhause ... \u00fcberall\",\"potentialAction\":[{\"@type\":\"SearchAction\",\"target\":{\"@type\":\"EntryPoint\",\"urlTemplate\":\"https:\/\/homeiseverywhere.org\/?s={search_term_string}\"},\"query-input\":{\"@type\":\"PropertyValueSpecification\",\"valueRequired\":true,\"valueName\":\"search_term_string\"}}],\"inLanguage\":\"de\"}]}<\/script>\n<!-- \/ Yoast SEO plugin. -->","yoast_head_json":{"title":"About - Home Is Everywhere","robots":{"index":"index","follow":"follow","max-snippet":"max-snippet:-1","max-image-preview":"max-image-preview:large","max-video-preview":"max-video-preview:-1"},"canonical":"https:\/\/homeiseverywhere.org\/de\/about\/","og_locale":"de_DE","og_type":"article","og_title":"About - Home Is Everywhere","og_description":"Mein Name ist Christina Antoniadou. Ich bin Griechin, in Deutschland geboren und aufgewachsen, habe in Deutschland, Griechenland, Gro\u00dfbritannien und in S\u00fcdafrika gelebt und wohne seit 2016 in D\u00e4nemark. Ich habe Germanistik studiert, 28 Jahre am Goethe-Institut (Thessaloniki, London) gearbeitet und als Autorin an mehreren B\u00fcchern im Bereich Deutsch als Fremdsprache mitgewirkt. Seit November 2017 schreibe [&hellip;]","og_url":"https:\/\/homeiseverywhere.org\/de\/about\/","og_site_name":"Home Is Everywhere","article_publisher":"https:\/\/www.facebook.com\/Home-Is-Everywhere-164906007455863\/","article_modified_time":"2023-12-11T08:18:24+00:00","twitter_card":"summary_large_image","twitter_misc":{"Gesch\u00e4tzte Lesezeit":"1\u00a0Minute"},"schema":{"@context":"https:\/\/schema.org","@graph":[{"@type":"WebPage","@id":"https:\/\/homeiseverywhere.org\/de\/about\/","url":"https:\/\/homeiseverywhere.org\/de\/about\/","name":"About - Home Is Everywhere","isPartOf":{"@id":"https:\/\/homeiseverywhere.org\/#website"},"datePublished":"2018-01-16T17:23:11+00:00","dateModified":"2023-12-11T08:18:24+00:00","breadcrumb":{"@id":"https:\/\/homeiseverywhere.org\/de\/about\/#breadcrumb"},"inLanguage":"de","potentialAction":[{"@type":"ReadAction","target":["https:\/\/homeiseverywhere.org\/de\/about\/"]}]},{"@type":"BreadcrumbList","@id":"https:\/\/homeiseverywhere.org\/de\/about\/#breadcrumb","itemListElement":[{"@type":"ListItem","position":1,"name":"Home","item":"https:\/\/homeiseverywhere.org\/de\/"},{"@type":"ListItem","position":2,"name":"About"}]},{"@type":"WebSite","@id":"https:\/\/homeiseverywhere.org\/#website","url":"https:\/\/homeiseverywhere.org\/","name":"Home Is Everywhere","description":"und pl\u00f6tzlich ist dein Zuhause ... \u00fcberall","potentialAction":[{"@type":"SearchAction","target":{"@type":"EntryPoint","urlTemplate":"https:\/\/homeiseverywhere.org\/?s={search_term_string}"},"query-input":{"@type":"PropertyValueSpecification","valueRequired":true,"valueName":"search_term_string"}}],"inLanguage":"de"}]}},"_links":{"self":[{"href":"https:\/\/homeiseverywhere.org\/de\/wp-json\/wp\/v2\/pages\/3311","targetHints":{"allow":["GET"]}}],"collection":[{"href":"https:\/\/homeiseverywhere.org\/de\/wp-json\/wp\/v2\/pages"}],"about":[{"href":"https:\/\/homeiseverywhere.org\/de\/wp-json\/wp\/v2\/types\/page"}],"author":[{"embeddable":true,"href":"https:\/\/homeiseverywhere.org\/de\/wp-json\/wp\/v2\/users\/1"}],"replies":[{"embeddable":true,"href":"https:\/\/homeiseverywhere.org\/de\/wp-json\/wp\/v2\/comments?post=3311"}],"version-history":[{"count":3,"href":"https:\/\/homeiseverywhere.org\/de\/wp-json\/wp\/v2\/pages\/3311\/revisions"}],"predecessor-version":[{"id":7184,"href":"https:\/\/homeiseverywhere.org\/de\/wp-json\/wp\/v2\/pages\/3311\/revisions\/7184"}],"wp:attachment":[{"href":"https:\/\/homeiseverywhere.org\/de\/wp-json\/wp\/v2\/media?parent=3311"}],"curies":[{"name":"wp","href":"https:\/\/api.w.org\/{rel}","templated":true}]}}